{"id":2178,"date":"2017-09-23T10:27:15","date_gmt":"2017-09-23T08:27:15","guid":{"rendered":"https:\/\/www.tommasolivisualfactory.com\/?page_id=2178"},"modified":"2025-07-04T12:30:44","modified_gmt":"2025-07-04T10:30:44","slug":"chi-siamo-tommasoli","status":"publish","type":"page","link":"https:\/\/www.tommasolivisualfactory.com\/it\/chi-siamo-tommasoli\/","title":{"rendered":"Chi siamo"},"content":{"rendered":"<p>[vc_row][vc_column width=&#8221;1\/4&#8243;][\/vc_column][vc_column width=&#8221;1\/2&#8243;][vc_single_image image=&#8221;2492&#8243; img_size=&#8221;large&#8221; alignment=&#8221;center&#8221; css=&#8221;.vc_custom_1663846003594{margin-left: 50px !important;padding-top: 30px !important;}&#8221;][\/vc_column][vc_column width=&#8221;1\/4&#8243;][\/vc_column][\/vc_row][vc_row layout=&#8221;boxed&#8221; padding_top=&#8221;pt60&#8243; padding_bottom=&#8221;pb120&#8243; overlay=&#8221;0&#8243; css=&#8221;.vc_custom_1666630655453{margin-right: 10px !important;margin-left: 10px !important;}&#8221;][vc_column width=&#8221;1\/4&#8243; offset=&#8221;vc_col-lg-offset-2&#8243;]<div class=\"title_7660 text-left\">\r\n                        <h4 class=\"title\">TOMMASOLI VISUAL FACTORY<\/h4>\r\n                        \r\n                    <\/div>[\/vc_column][vc_column width=&#8221;1\/2&#8243;][vc_column_text]Siamo una <strong>startup culturale innovativa<\/strong> che nasce per raccontare storie. Impresa, cultura, persone: sono questi i soggetti che valorizziamo tutti i giorni attraverso l&#8217;immagine.<br \/>\nI nostri progetti sono in tutto il mondo: abbiamo base a Verona, ma il nostro spirito \u00e8 internazionale, con produzioni in Italia, Europa, USA, Medio Oriente, Africa e Sud America.<\/p>\n<p>Immagine in movimento, fotografia, video, reportage, documentario sono i linguaggi che abbiamo scelto di mettere a disposizione dei nostri clienti per raggiungere i loro obiettivi.<\/p>\n<p>Insieme ai nostri partner costruiamo progetti di storytelling ad impatto sociale e culturale.<\/p>\n<p>Tommasoli Visual Factory viene fondata nel 2017 da Filippo Tommasoli e viene riconosciuta dalla Regione Veneto e da Invitalia come impresa culturale ad alto carattere innovativo. Per questo viene premiata dal bando <strong>POR FESR 2014-2020<\/strong> e <strong>SELFIEmployment 2017. <\/strong>Nel 2020 viene selezionata dalla Commissione Europea per il progetto<strong> EYE-Erasmus for Young Entrepreneurs.<\/strong>[\/vc_column_text][\/vc_column][\/vc_row][vc_row padding_top=&#8221;pt80&#8243; overlay=&#8221;0&#8243;][vc_column]<div class=\"container fullwidth equal-height-cols\">\r\n\t\t\t\t<div class=\"row\"><div class=\"col-md-6\" data-background=\"https:\/\/www.tommasolivisualfactory.com\/wp-content\/uploads\/2017\/09\/4_TOM-Heritage-Tommasoli_Recoaro1907-TommasoliBressanini-1907_A-RGB.jpg\"><\/div><div class=\"col-md-6 bg-dark text-light p100 pt140 pb140\">\r\n\t\t\t\t\t\t<h3 class=\"title title-tooltip title-tooltip-white\">LE ORIGINI<\/h3>\r\n\t\t\t\t\t\t<p>Filippo Tommasoli \u00e8 cresciuto come persona e come professionista all&#039;interno dello Studio Tommasoli, uno degli studi di fotografia attivi pi\u00f9 antichi d&#039;Italia, con pi\u00f9 di 110 anni di storia. Dalla lastra di vetro all&#039;immagine digitale: la quarta generazione di fotografi porta con s\u00e9 le competenze e l&#039;eredit\u00e0 dello studio di famiglia e si innova nel linguaggio video e nella produzione digitale. La manualit\u00e0, la tecnica e le esperienze applicate ai media e allo storytelling sono garanzia di professionalit\u00e0, qualit\u00e0 e risultato. Nella fotografia a lato: il fondatore dello Studio Tommasoli, Silvio Tommasoli, con l&#039;amico e collega Bressanini, Recoaro, 1907.<\/p>\r\n\t\t\t\t\t    <\/div><\/div>\r\n\t\t<\/div>[\/vc_column][\/vc_row][vc_row layout=&#8221;boxed&#8221; padding_top=&#8221;pt80&#8243; margin_bottom=&#8221;mb70&#8243; overlay=&#8221;0&#8243;][vc_column]<div class=\"title_9963 text-center\">\r\n                        <h4 class=\"title\">I NOSTRI SERVIZI<\/h4>\r\n                        \r\n                    <\/div>[\/vc_column][\/vc_row][vc_row layout=&#8221;boxed&#8221; padding_bottom=&#8221;pb90&#8243;][vc_column]<div class=\"row\">\r\n                    <div class=\"col-md-4 text-left\">\r\n\t\t\t\t\t\t<img src=\"https:\/\/www.tommasolivisualfactory.com\/wp-content\/uploads\/2022\/09\/IMG_6424-scaled.jpeg\" alt=\"\" \/>\r\n\t\t\t\t\t\t<h4>Video production<\/h4>\r\n\t\t\t\t\t\t<p class=\"small\">Video produzioni strutturate a diversi livelli e adattabili ai tuoi obiettivi. Dalla scrittura, alla regia e alla realizzazione finale, creiamo video per le tue strategie omnichannel e per il cinema. <\/p>\r\n\t\t\t\t\t<\/div><div class=\"col-md-4 text-left\">\r\n\t\t\t\t\t\t<img src=\"https:\/\/www.tommasolivisualfactory.com\/wp-content\/uploads\/2022\/09\/IMG_0020-scaled.jpg\" alt=\"\" \/>\r\n\t\t\t\t\t\t<h4>Photography<\/h4>\r\n\t\t\t\t\t\t<p class=\"small\">Siamo specializzati in diversi campi fotografici e sappiamo trovare la giusta inquadratura per ogni progetto: dall&#039;art direction alla stampa, realizziamo servizi fotografici, reportage e fotografia di ricerca per aziende, agenzie, istituzioni e privati.<\/p>\r\n\t\t\t\t\t<\/div><div class=\"col-md-4 text-left\">\r\n\t\t\t\t\t\t<img src=\"https:\/\/www.tommasolivisualfactory.com\/wp-content\/uploads\/2022\/09\/IMG_5139-scaled.jpeg\" alt=\"\" \/>\r\n\t\t\t\t\t\t<h4>Storytelling &amp; Heritage<\/h4>\r\n\t\t\t\t\t\t<p class=\"small\">Valorizziamo la storia, la cultura e il patrimonio materiale e immateriale di ogni realt\u00e0 con il linguaggio pi\u00f9 appropriato: dalle aziende alle istituzioni, dagli eventi ai prodotti, dagli archivi alle ultime novit\u00e0, ci occupiamo di progettare attivit\u00e0 su misura per ogni esigenza. <\/p>\r\n\t\t\t\t\t<\/div>\r\n                <\/div>[\/vc_column][\/vc_row][vc_row padding_bottom=&#8221;pb80&#8243; overlay=&#8221;0&#8243;][vc_column]<div class=\"button_2949 text-center\">\r\n                        <a href=\"https:\/\/www.tommasolivisualfactory.com\/it\/cosa-facciamo\/\" class=\"button outline\" target=\" _blank\">SFOGLIA I SERVIZI<\/a>\r\n                    <\/div>[\/vc_column][vc_column padding_top=&#8221;pt20&#8243;]<div class=\"section pt120 pb120 overlay-dark-3x text-light\" data-background=\"https:\/\/www.tommasolivisualfactory.com\/wp-content\/uploads\/2017\/09\/cinema.jpg\">\r\n\t\t\t\t<div class=\"container\">\r\n\t\t\t\t\t<div class=\"row\">\r\n                        \r\n\t\t\t\t\t\t<div class=\"col-md-12\">\r\n\t\t\t\t\t\t\t<div class=\"row\">\r\n                                <div class=\"col-md-6\">\r\n\t\t                    <h5 class=\"title-tooltip title-tooltip-white\">Creativit\u00e0<\/h5>\r\n\t\t\t\t\t\t\t<p class=\"small\">La fantasia, le idee, il pensiero creativo sono le risorse pi\u00f9 preziose per chi lavora con l&#039;immagine. Bisogna saperle coltivare, educare, e tradurre in pratica in modalit\u00e0 concrete ed efficaci.<\/p>\r\n\t\t                <\/div><div class=\"col-md-6\">\r\n\t\t                    <h5 class=\"title-tooltip title-tooltip-white\">Professionalit\u00e0<\/h5>\r\n\t\t\t\t\t\t\t<p class=\"small\">Garantita da attrezzature ad altissime prestazioni (Canon C300 MK3 ; lenti Prime Nikkor &amp; Canon; luci Rotolight Anova Pro e Stella pro, attrezzatura audio completa), e dalla necessaria competenza per saperle utilizzare al meglio.<\/p>\r\n\t\t                <\/div><div class=\"col-md-6\">\r\n\t\t                    <h5 class=\"title-tooltip title-tooltip-white\">Competenza<\/h5>\r\n\t\t\t\t\t\t\t<p class=\"small\">La formazione nel campo della fotografia e del video sono da sempre accompagnate da una preparazione umanistica poliedrica che viene applicata su ogni progetto, anche con la collaborazione di professionisti nel campo della comunicazione e della produzione audio. <\/p>\r\n\t\t                <\/div><div class=\"col-md-6\">\r\n\t\t                    <h5 class=\"title-tooltip title-tooltip-white\">Passione<\/h5>\r\n\t\t\t\t\t\t\t<p class=\"small\">La passione \u00e8 il motore che ci fa crescere, migliorare, investire tutto l&#039;impegno di cui siamo capaci in un progetto. \u00c8 la caratteristica pi\u00f9 importante di quello che \u00e8 molto pi\u00f9 di un lavoro: \u00e8 una scelta di vita.<\/p>\r\n\t\t                <\/div>\r\n\t\t\t\t\t\t\t<\/div>\r\n\t\t\t\t\t\t<\/div>\r\n\t\t\t\t\t<\/div>\r\n\t\t\t\t<\/div>\r\n\t\t\t<\/div>[\/vc_column][\/vc_row][vc_row layout=&#8221;boxed&#8221; padding_top=&#8221;pt80&#8243; margin_bottom=&#8221;mb70&#8243;][vc_column]<div class=\"title_3400 text-center\">\r\n                        <h3 class=\"title\">CHI SIAMO<\/h3>\r\n                        \r\n                    <\/div>[\/vc_column][\/vc_row][vc_row layout=&#8221;boxed&#8221; padding_bottom=&#8221;pb90&#8243;][vc_column]<div class=\"row\">\r\n                    <div class=\"col-md-4 text-left\">\r\n\t\t\t\t\t\t<img src=\"https:\/\/www.tommasolivisualfactory.com\/wp-content\/uploads\/2017\/09\/DSC4967_a-BN-s_RGB_62x41.jpg\" alt=\"\">\r\n\t\t\t\t\t\t<h4>Filippo Tommasoli<\/h4>\r\n\t\t\t\t\t\t<p class=\"small\">Nato a Verona nel 1990, \u00e8 cresciuto nel mondo dell&#039;immagine, all&#039;interno dello Studio di fotografia di famiglia (fondato nel 1906). Dopo aver conseguito la laurea triennale in Lettere Moderne e la laurea magistrale in Linguistica, un master in Antropologia Visuale (Etnodramma - scuola di cinema documentario) e uno in Visual Storytelling (International Center of Photography-New York). Nel 2011 fonda il collettivo padovano di videomaking L&#039;Appeso Videoproduzione e nel 2020 \u00e8 co-fondatore del progetto sociale RedLab - Darkroom over the Borders, che porta la fotografia analogica in zone di frontiera. Dal 2018 \u00e8 professore di Fotografia e Video presso Istituto Design Palladio (VR) e tiene vari workshop in Italia e all&#039;estero. <\/p>\r\n\t\t\t\t\t\t<p class=\"social\"><a href=\"#\"><i class=\"fa fa-facebook\"><\/i><\/a><a href=\"#\"><i class=\"fa fa-behance\"><\/i><\/a><a href=\"#\"><i class=\"fa fa-instagram\"><\/i><\/a><a href=\"https:\/\/www.linkedin.com\/in\/filippo-tommasoli-7b751811a\/\"><i class=\"fa fa-linkedin\"><\/i><\/a><\/p>\r\n\t\t\t\t\t<\/div>\r\n                <\/div>[\/vc_column][\/vc_row][vc_row padding_top=&#8221;pt70&#8243; padding_bottom=&#8221;pb70&#8243; overlay=&#8221;dark&#8221; css=&#8221;.vc_custom_1467726646389{background-image: url(https:\/\/www.tommasolivisualfactory.com\/wp-content\/uploads\/2016\/07\/271.jpg?id=220) !important;background-position: center !important;background-repeat: no-repeat !important;background-size: cover !important;}&#8221;][vc_column]<div class=\"title_8505 text-center\">\r\n                        <h3 class=\"title\">Lavora con noi<\/h3>\r\n                        \r\n                    <\/div><div class=\"button_6311 text-center\">\r\n                        <a href=\"https:\/\/www.tommasolivisualfactory.com\/it\/contatti\/\" class=\"button light outline\" target=\" _blank\">CONTATTACI<\/a>\r\n                    <\/div>[\/vc_column][\/vc_row]<\/p>\n","protected":false},"excerpt":{"rendered":"<p>[vc_row][vc_column width=&#8221;1\/4&#8243;][\/vc_column][vc_column width=&#8221;1\/2&#8243;][vc_single_image image=&#8221;2492&#8243; img_size=&#8221;large&#8221; alignment=&#8221;center&#8221; css=&#8221;.vc_custom_1663846003594{margin-left: 50px !important;padding-top: 30px !important;}&#8221;][\/vc_column][vc_column width=&#8221;1\/4&#8243;][\/vc_column][\/vc_row][vc_row layout=&#8221;boxed&#8221; padding_top=&#8221;pt60&#8243; padding_bottom=&#8221;pb120&#8243; overlay=&#8221;0&#8243; css=&#8221;.vc_custom_1666630655453{margin-right: 10px !important;margin-left: 10px !important;}&#8221;][vc_column width=&#8221;1\/4&#8243; offset=&#8221;vc_col-lg-offset-2&#8243;][\/vc_column][vc_column width=&#8221;1\/2&#8243;][vc_column_text]Siamo una startup culturale innovativa che nasce per raccontare storie. Impresa, cultura, persone: sono questi i soggetti che valorizziamo tutti i giorni attraverso l&#8217;immagine. I nostri progetti sono in tutto il mondo: [&hellip;]<\/p>\n","protected":false},"author":1,"featured_media":0,"parent":0,"menu_order":0,"comment_status":"closed","ping_status":"closed","template":"template-full-width.php","meta":[],"_links":{"self":[{"href":"https:\/\/www.tommasolivisualfactory.com\/it\/wp-json\/wp\/v2\/pages\/2178"}],"collection":[{"href":"https:\/\/www.tommasolivisualfactory.com\/it\/wp-json\/wp\/v2\/pages"}],"about":[{"href":"https:\/\/www.tommasolivisualfactory.com\/it\/wp-json\/wp\/v2\/types\/page"}],"author":[{"embeddable":true,"href":"https:\/\/www.tommasolivisualfactory.com\/it\/wp-json\/wp\/v2\/users\/1"}],"replies":[{"embeddable":true,"href":"https:\/\/www.tommasolivisualfactory.com\/it\/wp-json\/wp\/v2\/comments?post=2178"}],"version-history":[{"count":80,"href":"https:\/\/www.tommasolivisualfactory.com\/it\/wp-json\/wp\/v2\/pages\/2178\/revisions"}],"predecessor-version":[{"id":2620,"href":"https:\/\/www.tommasolivisualfactory.com\/it\/wp-json\/wp\/v2\/pages\/2178\/revisions\/2620"}],"wp:attachment":[{"href":"https:\/\/www.tommasolivisualfactory.com\/it\/wp-json\/wp\/v2\/media?parent=2178"}],"curies":[{"name":"wp","href":"https:\/\/api.w.org\/{rel}","templated":true}]}}